{"id":19,"date":"2025-08-04T14:51:06","date_gmt":"2025-08-04T12:51:06","guid":{"rendered":"https:\/\/panomies.fi\/?page_id=19"},"modified":"2025-08-04T15:31:02","modified_gmt":"2025-08-04T13:31:02","slug":"pannaan-tulemaan","status":"publish","type":"page","link":"https:\/\/panomies.fi\/index.php\/pannaan-tulemaan\/","title":{"rendered":"Pannaan tulemaan"},"content":{"rendered":"\n<div class=\"wp-block-cover alignfull is-light has-contrast-color has-text-color has-link-color wp-elements-1a6c1de493a23725e657b170c2852c46\" style=\"margin-top:0;margin-bottom:0;padding-top:var(--wp--preset--spacing--60);padding-right:var(--wp--preset--spacing--50);padding-bottom:var(--wp--preset--spacing--60);padding-left:var(--wp--preset--spacing--50)\"><span aria-hidden=\"true\" class=\"wp-block-cover__background has-base-background-color has-background-dim-100 has-background-dim\"><\/span><div class=\"wp-block-cover__inner-container has-global-padding is-layout-constrained wp-container-core-cover-is-layout-873ee6b1 wp-block-cover-is-layout-constrained\">\n<div class=\"wp-block-columns alignwide is-layout-flex wp-container-core-columns-is-layout-7ee84d44 wp-block-columns-is-layout-flex\">\n<div class=\"wp-block-column is-layout-flow wp-block-column-is-layout-flow\" style=\"flex-basis:65%\">\n<div class=\"wp-block-group is-vertical is-content-justification-stretch is-layout-flex wp-container-core-group-is-layout-353c4f5a wp-block-group-is-layout-flex\">\n<p class=\"is-style-text-subtitle is-style-text-subtitle--1\">Se oli aurinkoinen lauantai keskell\u00e4 hein\u00e4kuuta, kun kyl\u00e4n kes\u00e4juhlat meinasivat menn\u00e4 p\u00e4in prinkkalaa. Juhlateltta oli sortunut myrskyss\u00e4, \u00e4\u00e4nentoistolaitteet kastuneet ja makkaragrilli oli mystisesti kadonnut y\u00f6n aikana.<\/p>\n\n\n\n<p>Ihmiset py\u00f6ritteliv\u00e4t p\u00e4it\u00e4\u00e4n. &#8220;Ei t\u00e4st\u00e4 mit\u00e4\u00e4n tule. Juhlat on peruttu.&#8221; Mutta silloin, jostain p\u00f6lypilven keskelt\u00e4, paikalle kurvasi vanha mutta luotettava pakettiauto \u2013 ja sen ratissa istui <strong>Panomies<\/strong>.<\/p>\n\n\n\n<p>\u2013 <em>&#8220;No niin, miss\u00e4 t\u00e4\u00e4ll\u00e4 tarvitaan panemista?&#8221;<\/em> kysyi Panomies virnist\u00e4en ja nousi autosta ty\u00f6kalulaukku k\u00e4dess\u00e4.<\/p>\n\n\n\n<p>Kolme tuntia my\u00f6hemmin:<\/p>\n\n\n\n<ul class=\"wp-block-list\">\n<li>Teltta seisoi tukevammin kuin koskaan \u2013 Panomies teki uudet tukipalkit k\u00e4sin paikan p\u00e4\u00e4ll\u00e4.<\/li>\n\n\n\n<li>\u00c4\u00e4nentoisto oli kuiva ja toimiva \u2013 Panomies oli k\u00e4ynyt hakemassa varakaiuttimet ex-vaimonsa autotallista.<\/li>\n\n\n\n<li>Grilli? H\u00e4n rakensi uuden \u00f6ljytynnyrist\u00e4 ja kuumensi sen kuin mestari.<\/li>\n\n\n\n<li>Ja kaupan p\u00e4\u00e4lle h\u00e4n viel\u00e4 j\u00e4rjesti paikalle b\u00e4ndin, jota ei kukaan osannut odottaa \u2013 <em>Pate &amp; Pakotiet<\/em>, paikallinen rock-legenda.<\/li>\n<\/ul>\n\n\n\n<p>Ihmiset nauttivat. Lapsilla oli hattaraa. Vanhukset keinuttivat jalkoja musiikin tahdissa. Ja Panomies? H\u00e4n istui kivell\u00e4, h\u00f6rppi kahvia ja katseli k\u00e4ttens\u00e4 j\u00e4lke\u00e4 tyytyv\u00e4isen\u00e4.<\/p>\n\n\n\n<p>Er\u00e4s vanha rouva tuli nyk\u00e4isem\u00e4\u00e4n h\u00e4nt\u00e4 hihasta.<br>\u2013 <em>&#8220;Panomies&#8230; s\u00e4 kyll\u00e4 panet hommat kuntoon.&#8221;<\/em><br>\u2013 <em>&#8220;Muuta en osaa,&#8221;<\/em> Panomies vastasi ja virnisti leve\u00e4sti.<\/p>\n\n\n\n<hr class=\"wp-block-separator has-alpha-channel-opacity\"\/>\n\n\n\n<h3 class=\"wp-block-heading\"><strong>Loppusanat<\/strong><\/h3>\n\n\n\n<p class=\"is-style-text-subtitle is-style-text-subtitle--2\">Panomies ei ehk\u00e4 ole sankari viitassa, mutta h\u00e4n on juuri se mies, joka ilmestyy paikalle silloin kun kaikki n\u00e4ytt\u00e4\u00e4 menev\u00e4n pieleen. H\u00e4n ei kysy, kuka on syyllinen \u2013 h\u00e4n kysyy, <em>mik\u00e4 pit\u00e4\u00e4 laittaa kuntoon<\/em>. Ja kun Panomies on k\u00e4ynyt paikalla, kaikki on v\u00e4h\u00e4n paremmassa jamassa kuin ennen.<\/p>\n<\/div>\n<\/div>\n\n\n\n<div class=\"wp-block-column is-layout-flow wp-block-column-is-layout-flow\" style=\"flex-basis:35%\">\n<div class=\"wp-block-group is-vertical is-content-justification-stretch is-nowrap is-layout-flex wp-container-core-group-is-layout-73b0033c wp-block-group-is-layout-flex\">\n<figure class=\"wp-block-image size-full is-resized\"><img loading=\"lazy\" decoding=\"async\" width=\"1024\" height=\"1536\" src=\"https:\/\/panomies.fi\/wp-content\/uploads\/2025\/08\/PM_Comic1.jpg\" alt=\"\" class=\"wp-image-20\" style=\"aspect-ratio:0.75;object-fit:cover;width:521px;height:auto\" srcset=\"https:\/\/panomies.fi\/wp-content\/uploads\/2025\/08\/PM_Comic1.jpg 1024w, https:\/\/panomies.fi\/wp-content\/uploads\/2025\/08\/PM_Comic1-200x300.jpg 200w, https:\/\/panomies.fi\/wp-content\/uploads\/2025\/08\/PM_Comic1-683x1024.jpg 683w, https:\/\/panomies.fi\/wp-content\/uploads\/2025\/08\/PM_Comic1-768x1152.jpg 768w\" sizes=\"auto, (max-width: 1024px) 100vw, 1024px\" \/><\/figure>\n\n\n\n<p class=\"has-text-align-right has-x-large-font-size\" style=\"line-height:1.2\"><\/p>\n<\/div>\n<\/div>\n<\/div>\n<\/div><\/div>\n","protected":false},"excerpt":{"rendered":"","protected":false},"author":1,"featured_media":0,"parent":0,"menu_order":1,"comment_status":"closed","ping_status":"closed","template":"","meta":{"footnotes":""},"class_list":["post-19","page","type-page","status-publish","hentry"],"_links":{"self":[{"href":"https:\/\/panomies.fi\/index.php\/wp-json\/wp\/v2\/pages\/19","targetHints":{"allow":["GET"]}}],"collection":[{"href":"https:\/\/panomies.fi\/index.php\/wp-json\/wp\/v2\/pages"}],"about":[{"href":"https:\/\/panomies.fi\/index.php\/wp-json\/wp\/v2\/types\/page"}],"author":[{"embeddable":true,"href":"https:\/\/panomies.fi\/index.php\/wp-json\/wp\/v2\/users\/1"}],"replies":[{"embeddable":true,"href":"https:\/\/panomies.fi\/index.php\/wp-json\/wp\/v2\/comments?post=19"}],"version-history":[{"count":2,"href":"https:\/\/panomies.fi\/index.php\/wp-json\/wp\/v2\/pages\/19\/revisions"}],"predecessor-version":[{"id":25,"href":"https:\/\/panomies.fi\/index.php\/wp-json\/wp\/v2\/pages\/19\/revisions\/25"}],"wp:attachment":[{"href":"https:\/\/panomies.fi\/index.php\/wp-json\/wp\/v2\/media?parent=19"}],"curies":[{"name":"wp","href":"https:\/\/api.w.org\/{rel}","templated":true}]}}